{"id":463,"date":"2022-09-15T19:43:29","date_gmt":"2022-09-15T19:43:29","guid":{"rendered":"http:\/\/a1202.com\/?page_id=463"},"modified":"2023-10-17T16:10:16","modified_gmt":"2023-10-17T16:10:16","slug":"agencia-peugeot-suzuki","status":"publish","type":"page","link":"https:\/\/a1202.com\/?page_id=463","title":{"rendered":"Agencia Peugeot Suzuki"},"content":{"rendered":"<p>[et_pb_section fb_built=\u00bb1&#8243; specialty=\u00bbon\u00bb _builder_version=\u00bb4.22.2&#8243; _module_preset=\u00bbdefault\u00bb background_color=\u00bb#43454b\u00bb background_image=\u00bbhttps:\/\/a1202.com\/wp-content\/uploads\/2023\/10\/SUZUKI_14MAR_017.jpg\u00bb background_size=\u00bbcontain\u00bb background_position=\u00bbcenter_right\u00bb min_height=\u00bb553.6px\u00bb background_last_edited=\u00bbon|desktop\u00bb use_background_color_gradient_phone=\u00bbon\u00bb background_color_gradient_stops_phone=\u00bbrgba(0,0,0,0.44) 0%|rgba(0,0,0,0.44) 99%\u00bb background_size_phone=\u00bbcover\u00bb background_position_phone=\u00bbcenter\u00bb locked=\u00bboff\u00bb global_colors_info=\u00bb{}\u00bb][et_pb_column type=\u00bb1_2&#8243; specialty_columns=\u00bb2&#8243; _builder_version=\u00bb4.16&#8243; custom_padding=\u00bb|||\u00bb global_colors_info=\u00bb{}\u00bb custom_padding__hover=\u00bb|||\u00bb][et_pb_row_inner _builder_version=\u00bb4.22.2&#8243; _module_preset=\u00bbdefault\u00bb global_colors_info=\u00bb{}\u00bb][et_pb_column_inner saved_specialty_column_type=\u00bb1_2&#8243; _builder_version=\u00bb4.22.2&#8243; _module_preset=\u00bbdefault\u00bb global_colors_info=\u00bb{}\u00bb][et_pb_text _builder_version=\u00bb4.22.2&#8243; _module_preset=\u00bbdefault\u00bb header_font=\u00bbRaleway|600|||||||\u00bb header_text_align=\u00bbleft\u00bb header_text_color=\u00bb#FFFFFF\u00bb header_font_size=\u00bb52px\u00bb header_font_size_tablet=\u00bb52px\u00bb header_font_size_phone=\u00bb52px\u00bb header_font_size_last_edited=\u00bbon|phone\u00bb global_colors_info=\u00bb{}\u00bb]<\/p>\n<h1>AGENCIA PEUGEOT\/<\/h1>\n<h1>SUZUKI<\/h1>\n<p>[\/et_pb_text][et_pb_divider color=\u00bb#FFFFFF\u00bb divider_weight=\u00bb6px\u00bb _builder_version=\u00bb4.22.2&#8243; _module_preset=\u00bbdefault\u00bb transform_translate_linked=\u00bboff\u00bb width=\u00bb35%\u00bb module_alignment=\u00bbleft\u00bb global_colors_info=\u00bb{}\u00bb][\/et_pb_divider][et_pb_text _builder_version=\u00bb4.22.2&#8243; _module_preset=\u00bbdefault\u00bb text_font=\u00bbSource Sans Pro|600|on||||||\u00bb text_text_color=\u00bb#FFFFFF\u00bb transform_translate=\u00bb0px|-15px\u00bb transform_translate_linked=\u00bboff\u00bb width=\u00bb50%\u00bb global_colors_info=\u00bb{}\u00bb]<\/p>\n<p>Cliente: Peugeot Suzuki<br \/>Proyecto: Agencias Comercial<br \/>A\u00f1o: 2019<br \/>Ubicaci\u00f3n: Cd Ju\u00e1rez, Chih., M\u00e9xico<\/p>\n<p>[\/et_pb_text][et_pb_text _builder_version=\u00bb4.22.2&#8243; _module_preset=\u00bbdefault\u00bb text_font=\u00bbOswald||||||||\u00bb text_text_color=\u00bb#FFFFFF\u00bb background_color=\u00bb#303339&#8243; transform_translate=\u00bb0px|9px\u00bb transform_translate_linked=\u00bboff\u00bb width=\u00bb80%\u00bb width_tablet=\u00bb80%\u00bb width_phone=\u00bb100%\u00bb width_last_edited=\u00bbon|phone\u00bb custom_padding=\u00bb5px|5px|10px|10px|false|false\u00bb global_colors_info=\u00bb{}\u00bb]<\/p>\n<p>El sistema constructivo del edificio es a base de zapatas aisladas, zapatas corridas, columnas y armaduras de acero (joist) para dar forma al esqueleto principal, teniendo un edificio estable y seguro lo que permite optimizar los tiempos de su ejecuci\u00f3n. Su cubierta esta integrada por colchoneta de fibra de vidrio y lamina KR18 lo que permite que sea muy ligera y r\u00e1pida de instalar; los muros perimetrales son de block armado.<\/p>\n<p>[\/et_pb_text][\/et_pb_column_inner][\/et_pb_row_inner][\/et_pb_column][et_pb_column type=\u00bb1_2&#8243; _builder_version=\u00bb4.16&#8243; custom_padding=\u00bb|||\u00bb global_colors_info=\u00bb{}\u00bb custom_padding__hover=\u00bb|||\u00bb][\/et_pb_column][\/et_pb_section][et_pb_section fb_built=\u00bb1&#8243; _builder_version=\u00bb4.22.2&#8243; _module_preset=\u00bbdefault\u00bb background_color=\u00bb#43454b\u00bb height=\u00bb824px\u00bb height_tablet=\u00bb824px\u00bb height_phone=\u00bb1150px\u00bb height_last_edited=\u00bbon|phone\u00bb global_colors_info=\u00bb{}\u00bb][et_pb_row column_structure=\u00bb1_2,1_2&#8243; _builder_version=\u00bb4.22.2&#8243; _module_preset=\u00bbdefault\u00bb global_colors_info=\u00bb{}\u00bb][et_pb_column type=\u00bb1_2&#8243; _builder_version=\u00bb4.22.2&#8243; _module_preset=\u00bbdefault\u00bb global_colors_info=\u00bb{}\u00bb][et_pb_image src=\u00bbhttps:\/\/a1202.com\/wp-content\/uploads\/2023\/10\/PEUGEOT_14MAR_137.jpg\u00bb show_in_lightbox=\u00bbon\u00bb _builder_version=\u00bb4.22.2&#8243; _module_preset=\u00bbdefault\u00bb global_colors_info=\u00bb{}\u00bb][\/et_pb_image][et_pb_image src=\u00bbhttps:\/\/a1202.com\/wp-content\/uploads\/2023\/10\/PEUGEOT_14MAR_102.jpg\u00bb title_text=\u00bbPEUGEOT_14MAR_102&#8243; show_in_lightbox=\u00bbon\u00bb _builder_version=\u00bb4.22.2&#8243; _module_preset=\u00bbdefault\u00bb global_colors_info=\u00bb{}\u00bb][\/et_pb_image][\/et_pb_column][et_pb_column type=\u00bb1_2&#8243; _builder_version=\u00bb4.22.2&#8243; _module_preset=\u00bbdefault\u00bb global_colors_info=\u00bb{}\u00bb][et_pb_text _builder_version=\u00bb4.22.2&#8243; _module_preset=\u00bbdefault\u00bb text_font=\u00bbOswald||||||||\u00bb text_text_color=\u00bb#FFFFFF\u00bb background_color=\u00bb#303339&#8243; transform_translate_linked=\u00bboff\u00bb width=\u00bb80%\u00bb width_tablet=\u00bb80%\u00bb width_phone=\u00bb80%\u00bb width_last_edited=\u00bbon|phone\u00bb module_alignment=\u00bbcenter\u00bb custom_padding=\u00bb5px|5px|10px|10px|false|false\u00bb global_colors_info=\u00bb{}\u00bb]<\/p>\n<p>La fachada principal tiene acabados en alucobond y cristal templado, dividida por un muro verde con follaje sint\u00e9tico dando forma e imagen a cada agencia; en su parte posterior se encuentra el \u00e1rea de taller y servicios que es compartido para el m\u00e1ximo provecho de instalaciones.<\/p>\n<p>[\/et_pb_text][et_pb_image src=\u00bbhttps:\/\/a1202.com\/wp-content\/uploads\/2023\/10\/PEUGEOT_14MAR_097.jpg\u00bb show_in_lightbox=\u00bbon\u00bb _builder_version=\u00bb4.22.2&#8243; _module_preset=\u00bbdefault\u00bb global_colors_info=\u00bb{}\u00bb][\/et_pb_image][et_pb_text _builder_version=\u00bb4.22.2&#8243; _module_preset=\u00bbdefault\u00bb text_font=\u00bbOswald||||||||\u00bb text_text_color=\u00bb#FFFFFF\u00bb background_color=\u00bb#303339&#8243; transform_scale_tablet=\u00bb\u00bb transform_scale_phone=\u00bb\u00bb transform_scale_last_edited=\u00bbon|phone\u00bb transform_translate=\u00bb-242px|70px\u00bb transform_translate_tablet=\u00bb-242px|70px\u00bb transform_translate_phone=\u00bb0px|0px\u00bb transform_translate_last_edited=\u00bbon|phone\u00bb transform_translate_linked=\u00bboff\u00bb transform_rotate_tablet=\u00bb\u00bb transform_rotate_phone=\u00bb\u00bb transform_rotate_last_edited=\u00bbon|phone\u00bb transform_skew_tablet=\u00bb\u00bb transform_skew_phone=\u00bb\u00bb transform_skew_last_edited=\u00bbon|phone\u00bb transform_origin_tablet=\u00bb\u00bb transform_origin_phone=\u00bb\u00bb transform_origin_last_edited=\u00bbon|phone\u00bb transform_styles_last_edited=\u00bbon|phone\u00bb width=\u00bb80%\u00bb width_tablet=\u00bb80%\u00bb width_phone=\u00bb80%\u00bb width_last_edited=\u00bbon|phone\u00bb module_alignment=\u00bbcenter\u00bb custom_padding=\u00bb5px|10px|10px|10px|false|false\u00bb transform_styles_tablet=\u00bb\u00bb transform_styles_phone=\u00bb\u00bb locked=\u00bboff\u00bb global_colors_info=\u00bb{}\u00bb]<\/p>\n<p>Los pisos son una combinaci\u00f3n entre acabados de cer\u00e1mica, concreto pulido, piso epoxico y carpeta asf\u00e1ltica de acuerdo a las necesidades que el edificio requiere.<\/p>\n<p>[\/et_pb_text][\/et_pb_column][\/et_pb_row][\/et_pb_section][et_pb_section fb_built=\u00bb1&#8243; _builder_version=\u00bb4.22.2&#8243; _module_preset=\u00bbdefault\u00bb background_color=\u00bb#43454b\u00bb transform_translate_linked=\u00bboff\u00bb min_height=\u00bb130px\u00bb height=\u00bb200px\u00bb custom_padding=\u00bb35px|||||\u00bb locked=\u00bboff\u00bb global_colors_info=\u00bb{}\u00bb][et_pb_row column_structure=\u00bb1_2,1_2&#8243; make_equal=\u00bbon\u00bb _builder_version=\u00bb4.22.2&#8243; background_size=\u00bbinitial\u00bb background_position=\u00bbtop_left\u00bb background_repeat=\u00bbrepeat\u00bb transform_translate_linked=\u00bboff\u00bb width=\u00bb95%\u00bb max_width=\u00bb95%\u00bb min_height=\u00bb94.4px\u00bb use_custom_width=\u00bbon\u00bb width_unit=\u00bboff\u00bb custom_width_percent=\u00bb95%\u00bb locked=\u00bboff\u00bb global_colors_info=\u00bb{}\u00bb][et_pb_column type=\u00bb1_2&#8243; module_class=\u00bbmobileColumn\u00bb _builder_version=\u00bb4.16&#8243; custom_padding=\u00bb|||\u00bb global_colors_info=\u00bb{}\u00bb custom_padding__hover=\u00bb|||\u00bb][et_pb_button button_url=\u00bbhttps:\/\/a1202.com\/?page_id=70&#8243; button_text=\u00bbAnterior\u00bb _builder_version=\u00bb4.22.2&#8243; custom_button=\u00bbon\u00bb button_text_size=\u00bb16px\u00bb button_text_color=\u00bb#FFFFFF\u00bb button_border_width=\u00bb1px\u00bb button_border_radius=\u00bb0px\u00bb button_font=\u00bbRoboto light||||||||\u00bb button_icon=\u00bb&#x34;||divi||400&#8243; button_icon_placement=\u00bbleft\u00bb button_on_hover=\u00bboff\u00bb transform_translate=\u00bb0px|-20px\u00bb transform_translate_linked=\u00bboff\u00bb locked=\u00bboff\u00bb global_colors_info=\u00bb{}\u00bb][\/et_pb_button][\/et_pb_column][et_pb_column type=\u00bb1_2&#8243; module_class=\u00bbmobileColumn\u00bb _builder_version=\u00bb4.16&#8243; custom_padding=\u00bb|||\u00bb global_colors_info=\u00bb{}\u00bb custom_padding__hover=\u00bb|||\u00bb][et_pb_button button_url=\u00bbhttps:\/\/a1202.com\/?page_id=461&#8243; button_text=\u00bbSiguiente\u00bb button_alignment=\u00bbright\u00bb _builder_version=\u00bb4.22.2&#8243; custom_button=\u00bbon\u00bb button_text_size=\u00bb16px\u00bb button_text_color=\u00bb#FFFFFF\u00bb button_border_width=\u00bb1px\u00bb button_border_radius=\u00bb0px\u00bb button_font=\u00bbRoboto light||||||||\u00bb button_icon=\u00bb&#x35;||divi||400&#8243; button_on_hover=\u00bboff\u00bb transform_translate=\u00bb0px|-20px\u00bb transform_translate_linked=\u00bboff\u00bb global_colors_info=\u00bb{}\u00bb][\/et_pb_button][\/et_pb_column][\/et_pb_row][\/et_pb_section]<\/p>\n","protected":false},"excerpt":{"rendered":"<p>AGENCIA PEUGEOT\/ SUZUKICliente: Peugeot SuzukiProyecto: Agencias ComercialA\u00f1o: 2019Ubicaci\u00f3n: Cd Ju\u00e1rez, Chih., M\u00e9xicoEl sistema constructivo del edificio es a base de zapatas aisladas, zapatas corridas, columnas y armaduras de acero (joist) para dar forma al esqueleto principal, teniendo un edificio estable y seguro lo que permite optimizar los tiempos de su ejecuci\u00f3n. Su cubierta esta integrada [&hellip;]<\/p>\n","protected":false},"author":1,"featured_media":0,"parent":297,"menu_order":0,"comment_status":"closed","ping_status":"closed","template":"","meta":{"_et_pb_use_builder":"on","_et_pb_old_content":"","_et_gb_content_width":"","footnotes":""},"_links":{"self":[{"href":"https:\/\/a1202.com\/index.php?rest_route=\/wp\/v2\/pages\/463"}],"collection":[{"href":"https:\/\/a1202.com\/index.php?rest_route=\/wp\/v2\/pages"}],"about":[{"href":"https:\/\/a1202.com\/index.php?rest_route=\/wp\/v2\/types\/page"}],"author":[{"embeddable":true,"href":"https:\/\/a1202.com\/index.php?rest_route=\/wp\/v2\/users\/1"}],"replies":[{"embeddable":true,"href":"https:\/\/a1202.com\/index.php?rest_route=%2Fwp%2Fv2%2Fcomments&post=463"}],"version-history":[{"count":27,"href":"https:\/\/a1202.com\/index.php?rest_route=\/wp\/v2\/pages\/463\/revisions"}],"predecessor-version":[{"id":1059,"href":"https:\/\/a1202.com\/index.php?rest_route=\/wp\/v2\/pages\/463\/revisions\/1059"}],"up":[{"embeddable":true,"href":"https:\/\/a1202.com\/index.php?rest_route=\/wp\/v2\/pages\/297"}],"wp:attachment":[{"href":"https:\/\/a1202.com\/index.php?rest_route=%2Fwp%2Fv2%2Fmedia&parent=463"}],"curies":[{"name":"wp","href":"https:\/\/api.w.org\/{rel}","templated":true}]}}