{"id":176,"date":"2018-12-10T17:17:49","date_gmt":"2018-12-10T17:17:49","guid":{"rendered":"http:\/\/cencerro.com\/a1202\/?page_id=176"},"modified":"2023-10-17T16:35:32","modified_gmt":"2023-10-17T16:35:32","slug":"loft-m","status":"publish","type":"page","link":"https:\/\/a1202.com\/?page_id=176","title":{"rendered":"Loft M"},"content":{"rendered":"<p>[et_pb_section fb_built=\u00bb1&#8243; specialty=\u00bbon\u00bb _builder_version=\u00bb4.22.2&#8243; _module_preset=\u00bbdefault\u00bb background_color=\u00bb#43454b\u00bb background_image=\u00bbhttps:\/\/a1202.com\/wp-content\/uploads\/2019\/01\/6S8A8229.jpg\u00bb background_size=\u00bbcustom\u00bb background_image_width=\u00bb65%\u00bb background_position=\u00bbcenter_right\u00bb background_horizontal_offset=\u00bb0%\u00bb min_height=\u00bb612.6px\u00bb custom_padding=\u00bb|0px||||\u00bb background_last_edited=\u00bbon|phone\u00bb background_size_phone=\u00bbcover\u00bb locked=\u00bboff\u00bb global_colors_info=\u00bb{}\u00bb][et_pb_column type=\u00bb1_2&#8243; specialty_columns=\u00bb2&#8243; _builder_version=\u00bb4.16&#8243; custom_padding=\u00bb|||\u00bb global_colors_info=\u00bb{}\u00bb custom_padding__hover=\u00bb|||\u00bb][et_pb_row_inner _builder_version=\u00bb4.22.2&#8243; _module_preset=\u00bbdefault\u00bb global_colors_info=\u00bb{}\u00bb][et_pb_column_inner saved_specialty_column_type=\u00bb1_2&#8243; _builder_version=\u00bb4.22.2&#8243; _module_preset=\u00bbdefault\u00bb global_colors_info=\u00bb{}\u00bb][et_pb_text _builder_version=\u00bb4.22.2&#8243; _module_preset=\u00bbdefault\u00bb header_font=\u00bbRaleway|600|||||||\u00bb header_text_align=\u00bbleft\u00bb header_text_color=\u00bb#FFFFFF\u00bb header_font_size=\u00bb52px\u00bb header_2_font=\u00bbRaleway|600|||||||\u00bb header_2_text_color=\u00bb#FFFFFF\u00bb global_colors_info=\u00bb{}\u00bb]<\/p>\n<h1>LOFT M<\/h1>\n<h2>INTERIORES<\/h2>\n<p>[\/et_pb_text][et_pb_divider color=\u00bb#FFFFFF\u00bb divider_weight=\u00bb6px\u00bb _builder_version=\u00bb4.22.2&#8243; _module_preset=\u00bbdefault\u00bb transform_translate_linked=\u00bboff\u00bb width=\u00bb35%\u00bb module_alignment=\u00bbleft\u00bb global_colors_info=\u00bb{}\u00bb][\/et_pb_divider][et_pb_text _builder_version=\u00bb4.22.2&#8243; _module_preset=\u00bbdefault\u00bb text_font=\u00bbSource Sans Pro|600|on||||||\u00bb text_text_color=\u00bb#FFFFFF\u00bb transform_translate=\u00bb0px|-15px\u00bb transform_translate_linked=\u00bboff\u00bb width=\u00bb50%\u00bb hover_enabled=\u00bb0&#8243; locked=\u00bboff\u00bb global_colors_info=\u00bb{}\u00bb sticky_enabled=\u00bb0&#8243;]<\/p>\n<p>Cliente: Loft M<br \/>Proyecto: Interiorismo<br \/>A\u00f1o: 2017<br \/>Ubicaci\u00f3n: Chihuahua, Chih., M\u00e9xico<\/p>\n<p>[\/et_pb_text][et_pb_button button_url=\u00bb#galeria\u00bb button_text=\u00bbGaler\u00eda\u00bb _builder_version=\u00bb4.22.2&#8243; _module_preset=\u00bbdefault\u00bb custom_button=\u00bbon\u00bb button_text_size=\u00bb16px\u00bb button_border_radius=\u00bb0px\u00bb button_font=\u00bbRoboto light||||||||\u00bb button_icon=\u00bb&#x33;||divi||400&#8243; button_on_hover=\u00bboff\u00bb locked=\u00bboff\u00bb global_colors_info=\u00bb{}\u00bb][\/et_pb_button][\/et_pb_column_inner][\/et_pb_row_inner][\/et_pb_column][et_pb_column type=\u00bb1_2&#8243; _builder_version=\u00bb4.16&#8243; custom_padding=\u00bb|||\u00bb global_colors_info=\u00bb{}\u00bb custom_padding__hover=\u00bb|||\u00bb][\/et_pb_column][\/et_pb_section][et_pb_section fb_built=\u00bb1&#8243; _builder_version=\u00bb4.22.2&#8243; _module_preset=\u00bbdefault\u00bb background_color=\u00bb#43454b\u00bb height=\u00bb890px\u00bb height_tablet=\u00bb1305px\u00bb height_phone=\u00bb1000px\u00bb height_last_edited=\u00bbon|phone\u00bb hover_enabled=\u00bb0&#8243; locked=\u00bboff\u00bb global_colors_info=\u00bb{}\u00bb sticky_enabled=\u00bb0&#8243;][et_pb_row column_structure=\u00bb1_2,1_2&#8243; _builder_version=\u00bb4.22.2&#8243; _module_preset=\u00bbdefault\u00bb height=\u00bb400px\u00bb global_colors_info=\u00bb{}\u00bb][et_pb_column type=\u00bb1_2&#8243; _builder_version=\u00bb4.22.2&#8243; _module_preset=\u00bbdefault\u00bb global_colors_info=\u00bb{}\u00bb][et_pb_image src=\u00bbhttps:\/\/a1202.com\/wp-content\/uploads\/2019\/01\/6S8A8221.jpg\u00bb title_text=\u00bb6S8A8221&#8243; show_in_lightbox=\u00bbon\u00bb module_id=\u00bbgaleria\u00bb _builder_version=\u00bb4.22.2&#8243; _module_preset=\u00bbdefault\u00bb global_colors_info=\u00bb{}\u00bb][\/et_pb_image][et_pb_image src=\u00bbhttps:\/\/a1202.com\/wp-content\/uploads\/2019\/01\/6S8A8214.jpg\u00bb title_text=\u00bb6S8A8214&#8243; show_in_lightbox=\u00bbon\u00bb _builder_version=\u00bb4.22.2&#8243; _module_preset=\u00bbdefault\u00bb global_colors_info=\u00bb{}\u00bb][\/et_pb_image][\/et_pb_column][et_pb_column type=\u00bb1_2&#8243; _builder_version=\u00bb4.22.2&#8243; _module_preset=\u00bbdefault\u00bb global_colors_info=\u00bb{}\u00bb][et_pb_image src=\u00bbhttps:\/\/a1202.com\/wp-content\/uploads\/2019\/01\/6S8A8275.jpg\u00bb title_text=\u00bb6S8A8275&#8243; show_in_lightbox=\u00bbon\u00bb _builder_version=\u00bb4.22.2&#8243; _module_preset=\u00bbdefault\u00bb global_colors_info=\u00bb{}\u00bb][\/et_pb_image][\/et_pb_column][\/et_pb_row][\/et_pb_section][et_pb_section fb_built=\u00bb1&#8243; _builder_version=\u00bb4.22.2&#8243; _module_preset=\u00bbdefault\u00bb background_color=\u00bb#43454b\u00bb transform_translate_linked=\u00bboff\u00bb min_height=\u00bb130px\u00bb height=\u00bb200px\u00bb custom_padding=\u00bb35px|||||\u00bb hover_enabled=\u00bb0&#8243; locked=\u00bboff\u00bb global_colors_info=\u00bb{}\u00bb sticky_enabled=\u00bb0&#8243;][et_pb_row column_structure=\u00bb1_2,1_2&#8243; make_equal=\u00bbon\u00bb _builder_version=\u00bb4.22.2&#8243; background_size=\u00bbinitial\u00bb background_position=\u00bbtop_left\u00bb background_repeat=\u00bbrepeat\u00bb transform_translate_linked=\u00bboff\u00bb width=\u00bb95%\u00bb max_width=\u00bb95%\u00bb min_height=\u00bb94.4px\u00bb use_custom_width=\u00bbon\u00bb width_unit=\u00bboff\u00bb custom_width_percent=\u00bb95%\u00bb locked=\u00bboff\u00bb global_colors_info=\u00bb{}\u00bb][et_pb_column type=\u00bb1_2&#8243; module_class=\u00bbmobileColumn\u00bb _builder_version=\u00bb4.16&#8243; custom_padding=\u00bb|||\u00bb global_colors_info=\u00bb{}\u00bb custom_padding__hover=\u00bb|||\u00bb][et_pb_button button_url=\u00bbhttps:\/\/a1202.com\/?page_id=174&#8243; button_text=\u00bbAnterior\u00bb _builder_version=\u00bb4.22.2&#8243; custom_button=\u00bbon\u00bb button_text_size=\u00bb16px\u00bb button_text_color=\u00bb#FFFFFF\u00bb button_border_width=\u00bb1px\u00bb button_border_radius=\u00bb0px\u00bb button_font=\u00bbRoboto light||||||||\u00bb button_icon=\u00bb&#x34;||divi||400&#8243; button_icon_placement=\u00bbleft\u00bb button_on_hover=\u00bboff\u00bb transform_translate=\u00bb0px|-20px\u00bb transform_translate_linked=\u00bboff\u00bb hover_enabled=\u00bb0&#8243; locked=\u00bboff\u00bb global_colors_info=\u00bb{}\u00bb sticky_enabled=\u00bb0&#8243;][\/et_pb_button][\/et_pb_column][et_pb_column type=\u00bb1_2&#8243; module_class=\u00bbmobileColumn\u00bb _builder_version=\u00bb4.16&#8243; custom_padding=\u00bb|||\u00bb global_colors_info=\u00bb{}\u00bb custom_padding__hover=\u00bb|||\u00bb][et_pb_button button_url=\u00bbhttps:\/\/a1202.com\/?page_id=70&#8243; button_text=\u00bbSiguiente\u00bb button_alignment=\u00bbright\u00bb _builder_version=\u00bb4.22.2&#8243; custom_button=\u00bbon\u00bb button_text_size=\u00bb16px\u00bb button_text_color=\u00bb#FFFFFF\u00bb button_border_width=\u00bb1px\u00bb button_border_radius=\u00bb0px\u00bb button_font=\u00bbRoboto light||||||||\u00bb button_icon=\u00bb&#x35;||divi||400&#8243; button_on_hover=\u00bboff\u00bb transform_translate=\u00bb0px|-20px\u00bb transform_translate_linked=\u00bboff\u00bb hover_enabled=\u00bb0&#8243; global_colors_info=\u00bb{}\u00bb sticky_enabled=\u00bb0&#8243;][\/et_pb_button][\/et_pb_column][\/et_pb_row][\/et_pb_section]<\/p>\n","protected":false},"excerpt":{"rendered":"<p>LOFT M INTERIORESCliente: Loft MProyecto: InteriorismoA\u00f1o: 2017Ubicaci\u00f3n: Chihuahua, Chih., M\u00e9xico<\/p>\n","protected":false},"author":1,"featured_media":0,"parent":293,"menu_order":0,"comment_status":"closed","ping_status":"closed","template":"","meta":{"_et_pb_use_builder":"on","_et_pb_old_content":"","_et_gb_content_width":"","footnotes":""},"_links":{"self":[{"href":"https:\/\/a1202.com\/index.php?rest_route=\/wp\/v2\/pages\/176"}],"collection":[{"href":"https:\/\/a1202.com\/index.php?rest_route=\/wp\/v2\/pages"}],"about":[{"href":"https:\/\/a1202.com\/index.php?rest_route=\/wp\/v2\/types\/page"}],"author":[{"embeddable":true,"href":"https:\/\/a1202.com\/index.php?rest_route=\/wp\/v2\/users\/1"}],"replies":[{"embeddable":true,"href":"https:\/\/a1202.com\/index.php?rest_route=%2Fwp%2Fv2%2Fcomments&post=176"}],"version-history":[{"count":18,"href":"https:\/\/a1202.com\/index.php?rest_route=\/wp\/v2\/pages\/176\/revisions"}],"predecessor-version":[{"id":1096,"href":"https:\/\/a1202.com\/index.php?rest_route=\/wp\/v2\/pages\/176\/revisions\/1096"}],"up":[{"embeddable":true,"href":"https:\/\/a1202.com\/index.php?rest_route=\/wp\/v2\/pages\/293"}],"wp:attachment":[{"href":"https:\/\/a1202.com\/index.php?rest_route=%2Fwp%2Fv2%2Fmedia&parent=176"}],"curies":[{"name":"wp","href":"https:\/\/api.w.org\/{rel}","templated":true}]}}